{"id":5,"date":"2020-03-24T19:19:10","date_gmt":"2020-03-24T18:19:10","guid":{"rendered":"http:\/\/www.hoteline.tel\/mesmerize\/"},"modified":"2020-03-25T18:41:35","modified_gmt":"2020-03-25T17:41:35","slug":"mesmerize","status":"publish","type":"page","link":"https:\/\/www.hoteline.tel\/fr\/","title":{"rendered":"Accueil"},"content":{"rendered":"<div  id=\"hoteline\" style=\"background-color: #ffffff;\" data-label=\"Hoteline\" data-id=\"overlappable-4\" data-export-id=\"overlappable-4\" data-category=\"overlappable\" class=\"overlappable-4 content-section content-section-spacing\" data-overlap=\"true\"><div  class=\"gridContainer\"> <div  data-type=\"row\" class=\"row spaced-cols text-center\"><div  class=\"col-xs-12 col-sm-4 col-padding\"> <i  class=\"fa icon shadow-large-black aligncenter color1 fa-group reverse round large\"><\/i> <div  data-type=\"column\" class=\"\"> <h5  class=\"\">NOUS SOMMES TOUJOURS DISPONIBLES<\/h5> <p  class=\"\">Votre satisfaction est notre objectif.<br >Pour cela ; nous surveillons la disponibilit\u00e9 de vos infrastructures, de vos services applicatifs 24h\/24 et nous nous engageons dans une d\u00e9marche Qualit\u00e9.<\/p><\/div> <\/div> <div  class=\"col-xs-12 col-sm-4 col-padding\"> <i  class=\"fa icon fa-cogs large shadow-large-black round aligncenter reverse color1\"><\/i> <div  data-type=\"column\" class=\"\"><h5  class=\"\">LARGE SPECTRE DE COMP\u00c9TENCES<\/h5> <p  class=\"\">Une maitrise de bout en bout de notre service dans les domaines informatique, t\u00e9l\u00e9coms, r\u00e9seaux et multim\u00e9dia. De l\u2019infrastructure physique, au contr\u00f4le de la performance applicative.<\/p><\/div> <\/div> <div  class=\"col-xs-12 col-sm-4 col-padding\"> <i  class=\"fa icon fa-magic large shadow-large-black round aligncenter reverse color1\"><\/i> <div  data-type=\"column\" class=\"\"><h5  class=\"\">DES ACTIONS EXPRESS<\/h5> <p  class=\"\">Bien au-del\u00e0 de nos engagements contractuels, plus de 90% des demandes de nos Clients sont cl\u00f4tur\u00e9es en moins de 4 heures.<\/p><\/div> <\/div><\/div> <\/div><\/div><div  id=\"organisation\" style=\"background-color: rgb(245, 250, 253); background-image: none;\" data-label=\"Organisation\" data-id=\"features-12-card-bordered\" data-export-id=\"features-12-card-bordered\" data-category=\"features\" class=\"features-12-card-bordered content-section content-section-spacing \"><div  class=\"gridContainer\"> <div  class=\"row text-center\"><div  class=\"section-title-col\" data-type=\"column\"> <h2  class=\"\">Organisation g\u00e9n\u00e9rale<\/h2> <p  class=\"lead\">Dans le cadre de la gestion des demandes et des incidents, le processus d\u2019assistance est structur\u00e9 en 4 niveaux ;<\/p><\/div> <\/div> <div  class=\"row spaced-cols\" data-type=\"row\"> <div  class=\"col-sm-6\"> <div  class=\"card row-card bordered y-move\"> <div  class=\"row\"> <div  class=\"col-sm-fit icon-column\"> <i  class=\"fa icon color2 fa-group bordered round\"><\/i> <\/div> <div  class=\"col-sm\" data-type=\"column\"> <h5  class=\"color2\">SUPPORT DE NIVEAU 1<\/h5> <p  class=\"\">Qualification des probl\u00e8mes rencontr\u00e9s avec le Client .<\/p><\/div> <\/div><\/div> <\/div> <div  class=\"col-sm-6\"> <div  class=\"card row-card bordered y-move\"> <div  class=\"row\"> <div  class=\"col-sm-fit icon-column\"> <i  class=\"fa icon color2 fa-graduation-cap bordered round\"><\/i> <\/div> <div  class=\"col-sm\" data-type=\"column\"> <h5  class=\"color2\">SUPPORT DE NIVEAU 3<\/h5> <p  class=\"\">Expertise infrastructure et logiciels, mises \u00e0 jour et mises \u00e0 niveau (\u00e9volution)<\/p><\/div> <\/div><\/div> <\/div> <div  class=\"col-sm-6\"> <div  class=\"card row-card bordered y-move\"> <div  class=\"row\"> <div  class=\"col-sm-fit icon-column\"> <i  class=\"fa icon color2 fa-gears bordered round\"><\/i> <\/div> <div  class=\"col-sm\" data-type=\"column\"> <h5  class=\"color2\">SUPPORT DE NIVEAU 2<\/h5> <p  class=\"\">Analyse, diagnostic et r\u00e9solution de probl\u00e8mes techniques li\u00e9s \u00e0 des probl\u00e8mes de fonctionnement.<\/p><\/div> <\/div><\/div> <\/div> <div  class=\"col-sm-6\"> <div  class=\"card row-card bordered y-move\"> <div  class=\"row\"> <div  class=\"col-sm-fit icon-column\"> <i  class=\"fa icon color2 fa-slideshare bordered round\"><\/i> <\/div> <div  class=\"col-sm\" data-type=\"column\"> <h5  class=\"color2\">PILOTAGE DES SERVICES ET DE LA QUALIT\u00c9<\/h5> <p  class=\"\">Une surveillance r\u00e9guli\u00e8re des services est essentielle pour assurer et maintenir le niveau de service souhait\u00e9, notamment pour prendre en compte les modifications apport\u00e9es et pour fournir les conseils et les adaptations n\u00e9cessaires.<\/p><\/div> <\/div><\/div> <\/div><\/div> <\/div><\/div><div  id=\"content-14\" style=\"background-color: #ffffff;\" data-label=\"Content\" data-id=\"content-3\" data-export-id=\"content-3\" data-category=\"content\" class=\"content-3 content-section content-section-spacing\"><div > <div  class=\"row middle-xs\"><div  class=\"col-sm-7 full-col-left-padding full-col-right-padding\"> <div  class=\"row\"><div  data-type=\"column\" class=\"space-bottom-small content-title-col\">  <h2  class=\"\">Les outils mis \u00e0 votre disposition<\/h2> <p  class=\"\">Dans le cadre de son activit\u00e9, un support technique doit g\u00e9rer de nombreuses sollicitations (tickets, appels, mails \u2026 ) de la part de ses clients. \n<br >Afin de s\u2019assurer que toutes les demandes et incidents soient pris en compte, nos \u00e9quipes les enregistrent dans les outils mis \u00e0 votre disposition. Une fois enregistr\u00e9es elles doivent \u00eatre trait\u00e9es\/g\u00e9r\u00e9es par les bonnes \u00e9quipes (L1, L2 ou L3). Une bonne gestion de ces \u201ctickets\u201d est essentielle afin de satisfaire les utilisateurs. Un moyen rapide et facile de cr\u00e9er ces tickets doit donc \u00eatre mis \u00e0 la disposition du centre de services.<\/p><\/div> <\/div> <div  class=\"row spaced-cols\" data-type=\"row\"> <div  class=\"col-xs-6\" data-type=\"column\"> <h5  class=\"\">Un num\u00e9ro de t\u00e9l\u00e9phone unique<\/h5> <p  class=\"\">Fran\u00e7ais ou am\u00e9ricain<\/p><\/div> <div  class=\"col-xs-6\" data-type=\"column\"><h5  class=\"\">Un portail Client<\/h5> <p  class=\"\">A vos couleurs<\/p><\/div> <div  class=\"col-xs-6\" data-type=\"column\"><h5  class=\"\">Un email de support<\/h5> <p  class=\"\">support@xyz.com<\/p><\/div> <div  class=\"col-xs-6\" data-type=\"column\"><h5  class=\"\">Un acc\u00e8s superviseur<\/h5> <p  class=\"\">Visualiser et filtrer les demandes<\/p><\/div> <\/div><\/div> <div  class=\"col-sm-5 bg-image shadow-large-black revert-classes-holder\" data-bg=\"image\" style=\"background-image: url(&quot;http:\/\/www.hoteline.tel\/wp-content\/uploads\/2020\/03\/hoteline-process-support.png&quot;);\"><\/div><\/div> <\/div><\/div><div  data-label=\"Contact\" data-id=\"contact--1\" data-export-id=\"contact-1\" data-category=\"contact\" class=\"contact-1 content-section content-section-spacing white-text\" data-parallax-depth=\"20\" id=\"contact-1\" style=\"background-color: rgb(245, 250, 253); background-image: url(&quot;http:\/\/www.hoteline.tel\/wp-content\/uploads\/2020\/03\/iptv.png&quot;); background-size: cover; background-position: center top;\"><div  class=\"gridContainer\"> <div  class=\"row text-center\"><div  class=\"section-title-col\" data-type=\"column\"> <h2  class=\"\">Nous contater<\/h2> <\/div> <\/div> <div  class=\"row text-center\"> <div  class=\"col-xs-12 col-sm-8 col-sm-offset-2 contact-form-wrapper inline-info\"> <div  class=\"card large-padding\"> <div  class=\"\" data-content-shortcode=\"mesmerize_contact_form shortcode=&quot;contact-form-7 id=&amp;amp;quot;46&amp;amp;quot; title=&amp;amp;quot;Formulaire de contact 1&amp;amp;quot;&quot;\" data-editable=\"true\"><div role=\"form\" class=\"wpcf7\" id=\"wpcf7-f46-o1\" lang=\"fr-FR\" dir=\"ltr\">\n<div class=\"screen-reader-response\"><p role=\"status\" aria-live=\"polite\" aria-atomic=\"true\"><\/p> <ul><\/ul><\/div>\n<form action=\"\/fr\/wp-json\/wp\/v2\/pages\/5#wpcf7-f46-o1\" method=\"post\" class=\"wpcf7-form init\" novalidate=\"novalidate\" data-status=\"init\">\n<div style=\"display: none;\">\n<input type=\"hidden\" name=\"_wpcf7\" value=\"46\" \/>\n<input type=\"hidden\" name=\"_wpcf7_version\" value=\"5.5.3\" \/>\n<input type=\"hidden\" name=\"_wpcf7_locale\" value=\"fr_FR\" \/>\n<input type=\"hidden\" name=\"_wpcf7_unit_tag\" value=\"wpcf7-f46-o1\" \/>\n<input type=\"hidden\" name=\"_wpcf7_container_post\" value=\"0\" \/>\n<input type=\"hidden\" name=\"_wpcf7_posted_data_hash\" value=\"\" \/>\n<\/div>\n<p><label> Pr\u00e9nom*<br \/>\n    <span class=\"wpcf7-form-control-wrap your-firstname\"><input type=\"text\" name=\"your-firstname\" value=\"\" size=\"40\" class=\"wpcf7-form-control wpcf7-text wpcf7-validates-as-required\" aria-required=\"true\" aria-invalid=\"false\" \/><\/span> <\/label><\/p>\n<p><label> Nom*<br \/>\n    <span class=\"wpcf7-form-control-wrap your-name\"><input type=\"text\" name=\"your-name\" value=\"\" size=\"40\" class=\"wpcf7-form-control wpcf7-text wpcf7-validates-as-required\" aria-required=\"true\" aria-invalid=\"false\" \/><\/span> <\/label><\/p>\n<p><label> Organisation*<br \/>\n    <span class=\"wpcf7-form-control-wrap your-organisation\"><input type=\"text\" name=\"your-organisation\" value=\"\" size=\"40\" class=\"wpcf7-form-control wpcf7-text wpcf7-validates-as-required\" aria-required=\"true\" aria-invalid=\"false\" \/><\/span> <\/label><\/p>\n<p><label> Email*<br \/>\n    <span class=\"wpcf7-form-control-wrap your-email\"><input type=\"email\" name=\"your-email\" value=\"\" size=\"40\" class=\"wpcf7-form-control wpcf7-text wpcf7-email wpcf7-validates-as-required wpcf7-validates-as-email\" aria-required=\"true\" aria-invalid=\"false\" \/><\/span> <\/label><\/p>\n<p><label> T\u00e9l\u00e9phone<br \/>\n    <span class=\"wpcf7-form-control-wrap your-phone\"><input type=\"text\" name=\"your-phone\" value=\"\" size=\"40\" class=\"wpcf7-form-control wpcf7-text\" aria-invalid=\"false\" \/><\/span> <\/label><\/p>\n<p><label> Objet<br \/>\n    <span class=\"wpcf7-form-control-wrap your-subject\"><input type=\"text\" name=\"your-subject\" value=\"\" size=\"40\" class=\"wpcf7-form-control wpcf7-text\" aria-invalid=\"false\" \/><\/span> <\/label><\/p>\n<p><label> Message<br \/>\n    <span class=\"wpcf7-form-control-wrap your-message\"><textarea name=\"your-message\" cols=\"40\" rows=\"10\" class=\"wpcf7-form-control wpcf7-textarea\" aria-invalid=\"false\"><\/textarea><\/span> <\/label><\/p>\n<p><span class=\"wpcf7-form-control-wrap quiz-366\"><label><span class=\"wpcf7-quiz-label\">Quelle est la capitale de la France?<\/span> <input type=\"text\" name=\"quiz-366\" size=\"40\" class=\"wpcf7-form-control wpcf7-quiz\" autocomplete=\"off\" aria-required=\"true\" aria-invalid=\"false\" \/><\/label><input type=\"hidden\" name=\"_wpcf7_quiz_answer_quiz-366\" value=\"b7ec101de01ae1c19bd3a1b63e991e04\" \/><\/span><\/p>\n<p><span class=\"wpcf7-form-control-wrap acceptance-884\"><span class=\"wpcf7-form-control wpcf7-acceptance\"><span class=\"wpcf7-list-item\"><label><input type=\"checkbox\" name=\"acceptance-884\" value=\"1\" aria-invalid=\"false\" \/><span class=\"wpcf7-list-item-label\">J'ai lu et j'accepte la politique de protection des donn\u00e9es personnelles.<\/span><\/label><\/span><\/span><\/span><\/p>\n<p><input type=\"submit\" value=\"Send\" class=\"wpcf7-form-control has-spinner wpcf7-submit\" \/><\/p>\n<div class=\"wpcf7-response-output\" aria-hidden=\"true\"><\/div><\/form><\/div><\/div><\/div> <\/div><\/div> <\/div><\/div>","protected":false},"excerpt":{"rendered":"<p>NOUS SOMMES TOUJOURS DISPONIBLES Votre satisfaction est notre objectif.Pour cela ; nous surveillons la disponibilit\u00e9 de vos infrastructures, de vos services applicatifs 24h\/24 et nous nous engageons dans une d\u00e9marche Qualit\u00e9. LARGE SPECTRE DE COMP\u00c9TENCES Une maitrise de bout en bout de notre service dans les domaines informatique, t\u00e9l\u00e9coms, r\u00e9seaux et multim\u00e9dia. De l\u2019infrastructure physique,&hellip; <br \/> <a class=\"read-more\" href=\"https:\/\/www.hoteline.tel\/fr\/\">Lire la suite<\/a><\/p>\n","protected":false},"author":1,"featured_media":0,"parent":0,"menu_order":0,"comment_status":"closed","ping_status":"closed","template":"page-templates\/homepage.php","meta":{"footnotes":""},"class_list":["post-5","page","type-page","status-publish","hentry"],"_links":{"self":[{"href":"https:\/\/www.hoteline.tel\/fr\/wp-json\/wp\/v2\/pages\/5","targetHints":{"allow":["GET"]}}],"collection":[{"href":"https:\/\/www.hoteline.tel\/fr\/wp-json\/wp\/v2\/pages"}],"about":[{"href":"https:\/\/www.hoteline.tel\/fr\/wp-json\/wp\/v2\/types\/page"}],"author":[{"embeddable":true,"href":"https:\/\/www.hoteline.tel\/fr\/wp-json\/wp\/v2\/users\/1"}],"replies":[{"embeddable":true,"href":"https:\/\/www.hoteline.tel\/fr\/wp-json\/wp\/v2\/comments?post=5"}],"version-history":[{"count":13,"href":"https:\/\/www.hoteline.tel\/fr\/wp-json\/wp\/v2\/pages\/5\/revisions"}],"predecessor-version":[{"id":60,"href":"https:\/\/www.hoteline.tel\/fr\/wp-json\/wp\/v2\/pages\/5\/revisions\/60"}],"wp:attachment":[{"href":"https:\/\/www.hoteline.tel\/fr\/wp-json\/wp\/v2\/media?parent=5"}],"curies":[{"name":"wp","href":"https:\/\/api.w.org\/{rel}","templated":true}]}}